{"id":4222,"date":"2025-04-10T02:28:54","date_gmt":"2025-04-10T02:28:54","guid":{"rendered":"https:\/\/igs-hf.org\/?page_id=4222"},"modified":"2025-04-10T02:36:52","modified_gmt":"2025-04-10T02:36:52","slug":"lernlandschaften","status":"publish","type":"page","link":"https:\/\/igs.haoaws.com\/de\/lernlandschaften\/","title":{"rendered":"Lernlandschaften"},"content":{"rendered":"\n<div id=\"community-campus\"><\/div><div class=\"wp-block-greenshift-blocks-container gspb_container gspb_container-gsbp-eb5a284\" id=\"gspb_container-id-gsbp-eb5a284\"><div class=\"gspb_backgroundOverlay\"><\/div>\n<div class=\"wp-block-greenshift-blocks-container gspb_container gspb_container-gsbp-4a8ab17\" id=\"gspb_container-id-gsbp-4a8ab17\">\n<div class=\"wp-block-greenshift-blocks-iconbox gspb_iconBox gspb_iconBox-id-gsbp-c19b63a\" id=\"gspb_iconBox-id-gsbp-c19b63a\"><div class=\"gspb_iconBox__wrapper\" style=\"display:inline-flex\"><svg xmlns=\"http:\/\/www.w3.org\/2000\/svg\" style=\"width:5rem;height:5rem;margin:10px\" height=\"24px\" viewBox=\"0 -960 960 960\" width=\"24px\" fill=\"#e8eaed\"><path d=\"m262-300 58-100q-66 0-113-47t-47-113q0-66 47-113t113-47q66 0 113 47t47 113q0 23-5.5 42.5T458-480L331-260q-5 9-14 14.5t-20 5.5q-23 0-34.5-20t-.5-40Zm360 0 58-100q-66 0-113-47t-47-113q0-66 47-113t113-47q66 0 113 47t47 113q0 23-5.5 42.5T818-480L691-260q-5 9-14 14.5t-20 5.5q-23 0-34.5-20t-.5-40Z\"><\/path><\/svg><\/div><\/div>\n<\/div>\n\n\n\n<div class=\"wp-block-greenshift-blocks-container gspb_container gspb_container-gsbp-f12936e\" id=\"gspb_container-id-gsbp-f12936e\">\n<p id=\"gspb_heading-id-gsbp-768528e\" class=\"gspb_heading gspb_heading-id-gsbp-768528e \">Die Arbeit von Bildung teilt sich zwischen dem Lehrer und der Umgebung.<br><br><strong>Maria Montessori<\/strong><\/p>\n<\/div>\n\n\n\n<div class=\"wp-block-greenshift-blocks-container gspb_container gspb_container-gsbp-fe8f417\" id=\"gspb_container-id-gsbp-fe8f417\">\n<div class=\"wp-block-greenshift-blocks-iconbox gspb_iconBox gspb_iconBox-id-gsbp-17ce9a3\" id=\"gspb_iconBox-id-gsbp-17ce9a3\"><div class=\"gspb_iconBox__wrapper\" style=\"display:inline-flex\"><svg xmlns=\"http:\/\/www.w3.org\/2000\/svg\" style=\"width:5rem;height:5rem;margin:10px\" height=\"24px\" viewBox=\"0 -960 960 960\" width=\"24px\" fill=\"#e8eaed\"><path d=\"m262-300 58-100q-66 0-113-47t-47-113q0-66 47-113t113-47q66 0 113 47t47 113q0 23-5.5 42.5T458-480L331-260q-5 9-14 14.5t-20 5.5q-23 0-34.5-20t-.5-40Zm360 0 58-100q-66 0-113-47t-47-113q0-66 47-113t113-47q66 0 113 47t47 113q0 23-5.5 42.5T818-480L691-260q-5 9-14 14.5t-20 5.5q-23 0-34.5-20t-.5-40Z\"><\/path><\/svg><\/div><\/div>\n<\/div>\n<\/div>\n\n\n\n<div id=\"programme\"><\/div><div class=\"wp-block-greenshift-blocks-container gspb_container gspb_container-gsbp-421dd80\" id=\"gspb_container-id-gsbp-421dd80\">\n<div class=\"wp-block-greenshift-blocks-container gspb_container gspb_container-gsbp-093a6fd\" id=\"gspb_container-id-gsbp-093a6fd\">\n<div id=\"leading-the-wayin-steam-education\"><\/div><h3 id=\"gspb_heading-id-gsbp-e8ceb0e\" class=\"gspb_heading gspb_heading-id-gsbp-e8ceb0e \">Die IGS arbeitet in der Grund- und Mittelstufe mit dem didaktischen Ansatz der <em>Lernlandschaften<\/em>.\u00a0<\/h3>\n<\/div>\n\n\n\n<div class=\"wp-block-greenshift-blocks-container gspb_container gspb_container-gsbp-fbb71ad\" id=\"gspb_container-id-gsbp-fbb71ad\">\n<div class=\"wp-block-greenshift-blocks-container gspb_container gspb_container-gsbp-68ce958\" id=\"gspb_container-id-gsbp-68ce958\">\n<h4 id=\"gspb_heading-id-gsbp-a5b5444\" class=\"gspb_heading gspb_heading-id-gsbp-a5b5444 \">Worum geht es dabei?<\/h4>\n\n\n\n<div id=\"gspb_text-id-gsbp-fa7ee08\" class=\"gspb_text gspb_text-id-gsbp-fa7ee08 \">Die <strong>Themenfelder in der Grundschule<\/strong> (1-4) sind in sechs Bereiche aufgeteilt. (z.B. mein K\u00f6rper, Tiere usw.) F\u00fcr jedes dieser Themenfelder stehen in jedem Schuljahr circa sechs Wochen Arbeitszeit zur Verf\u00fcgung. In diesen sechs Arbeitswochen werden dieselben Themen aus der Perspektive der F\u00e4cher Mathematik, Sachunterricht und Deutsch behandelt. Dies geschieht auf der Grundlage eines eigens f\u00fcr jeden Sch\u00fcler von der Lehrkraft zusammengestellten Plan. Somit k\u00f6nnen individuelle Bed\u00fcrfnisse der F\u00f6rderung ber\u00fccksichtigt werden.\u00a0\u00a0<\/div>\n<\/div>\n\n\n\n<div class=\"wp-block-greenshift-blocks-container gspb_container gspb_container-gsbp-a45dd6a\" id=\"gspb_container-id-gsbp-a45dd6a\"><\/div>\n<\/div>\n\n\n\n<div class=\"wp-block-greenshift-blocks-container gspb_container gspb_container-gsbp-23cec6f\" id=\"gspb_container-id-gsbp-23cec6f\">\n<div class=\"wp-block-greenshift-blocks-container gspb_container gspb_container-gsbp-788fe9c\" id=\"gspb_container-id-gsbp-788fe9c\"><\/div>\n\n\n\n<div class=\"wp-block-greenshift-blocks-container gspb_container gspb_container-gsbp-d3b3fa7\" id=\"gspb_container-id-gsbp-d3b3fa7\">\n<h4 id=\"gspb_heading-id-gsbp-d24b68b\" class=\"gspb_heading gspb_heading-id-gsbp-d24b68b \">Was ist daran besonders?<\/h4>\n\n\n\n<div id=\"gspb_text-id-gsbp-e0eb5aa\" class=\"gspb_text gspb_text-id-gsbp-e0eb5aa \">Die Sch\u00fcler k\u00f6nnen in der f\u00fcr die Lernlandschaften vorgesehenen Zeit von 8:00 Uhr \u2013 10:15 Uhr selbst entscheiden, ob sie sich aus der Perspektive der Sachunterricht, Mathematik oder dem Fach Deutsch mit dem jeweiligen Themengebiet besch\u00e4ftigen wollen. Allerdings m\u00fcssen am Ende des Themenkomplexes alle Aufgaben aus den jeweiligen F\u00e4chern bearbeitet worden sein. \u00a0<br>\u00a0<br>Auf diese Weise lernen die <strong>Sch\u00fcler fr\u00fchzeitig, ihren Lernprozess zu planen <\/strong>und haben gleichzeitig das Gef\u00fchl, frei \u00fcber ihre Zeiteinteilung entscheiden zu k\u00f6nnen. Ist eine Aufgabe erledigt, wird dies in dem pers\u00f6nlichen <strong>Lernplan <\/strong>vermerkt. Grundlage f\u00fcr die Reflexion des Lernfortschritts in <strong>\u201eSprechstunden\u201c<\/strong> mit dem Lehrer sind <strong>Logb\u00fccher <\/strong>mit pers\u00f6nlichen Notizen. Nach dem Abschluss eines Themas kann dieses auf einer <strong>Lernlandkarte<\/strong> ausgemalt werden, sodass sich mit Ende des Schuljahres der Lernzuwachs auf einer gro\u00dfen Lernlandkarte nachvollziehen l\u00e4sst.<\/div>\n<\/div>\n<\/div>\n\n\n\n<div class=\"wp-block-greenshift-blocks-container gspb_container gspb_container-gsbp-c035bde\" id=\"gspb_container-id-gsbp-c035bde\">\n<div class=\"wp-block-greenshift-blocks-container gspb_container gspb_container-gsbp-d36ca3e\" id=\"gspb_container-id-gsbp-d36ca3e\">\n<h4 id=\"gspb_heading-id-gsbp-5bd4709\" class=\"gspb_heading gspb_heading-id-gsbp-5bd4709 \">How is this approach implemented in Grade 5-10?<\/h4>\n\n\n\n<div id=\"gspb_text-id-gsbp-bb2ae4d\" class=\"gspb_text gspb_text-id-gsbp-bb2ae4d \">In den Naturwissenschaften und den modernen Fremdsprachen wird ab Klasse 5 und in den Gesellschaftswissenschaften ab Klasse 7 nach dem Ansatz der Lernlandschaften unterrichtet. \u00a0<br>\u00a0<br>Die NaWi-Lernlandschaften sind <strong>projektbasiert und konzeptorientiert<\/strong>. Zu Beginn jeder Unterrichtsreihe (z.B. die Zitronenbatterie) setzen sich die Sch\u00fcler mit Blick auf das Endprodukt Teilziele in den einzelnen F\u00e4chern, die sie anhand von <strong>Modulpl\u00e4nen<\/strong> durch eigenst\u00e4ndiges Forschen und Experimentieren erreichen. Am Ende der Reihe werden die Ergebnisse der jeweiligen F\u00e4cher zu einem <strong>Endprodukt<\/strong> zusammengef\u00fchrt und verkn\u00fcpft.\u00a0<br>\u00a0<br>In den Gesellschaftswissenschaften in den Klassen 7 und 8 liegt der Schwerpunkt zun\u00e4chst auf einer Kombination aus Geschichte und fr\u00fcher politischer Bildung. Ab Klasse 9 werden Geschichte, Politik und Wirtschaft zunehmend <strong>interdisziplin\u00e4r<\/strong> miteinander verkn\u00fcpft.\u00a0<br>Die <strong>Modulpl\u00e4ne<\/strong> in GeWi behandeln jeweils ein \u00fcbergeordnetes Thema (z.B. Franz\u00f6sische Revolution), das aus unterschiedlichen Blickwinkeln analysiert wird \u2013 historische Perspektive, Sozialwissenschaftliche Perspektive und politikwissenschaftliche Perspektive.\u00a0<\/div>\n<\/div>\n\n\n\n<div class=\"wp-block-greenshift-blocks-container gspb_container gspb_container-gsbp-bc4d0e9\" id=\"gspb_container-id-gsbp-bc4d0e9\"><\/div>\n<\/div>\n<\/div>\n\n\n\n<p><\/p>\n","protected":false},"excerpt":{"rendered":"<p>Die Arbeit von Bildung teilt sich zwischen dem Lehrer und der Umgebung.Maria Montessori Die IGS arbeitet in der &#8230; <a title=\"Lernlandschaften\" class=\"read-more\" href=\"https:\/\/igs.haoaws.com\/de\/lernlandschaften\/\" aria-label=\"Read more about Lernlandschaften\">Weiterlesen &#8230;<\/a><\/p>\n","protected":false},"author":4,"featured_media":0,"parent":0,"menu_order":0,"comment_status":"closed","ping_status":"closed","template":"","meta":{"_acf_changed":false,"_gspb_post_css":".gspb_container-id-gsbp-093a6fd,.gspb_container-id-gsbp-421dd80,.gspb_container-id-gsbp-4a8ab17,.gspb_container-id-gsbp-68ce958,.gspb_container-id-gsbp-eb5a284,.gspb_container-id-gsbp-f12936e,.gspb_container-id-gsbp-fbb71ad,.gspb_container-id-gsbp-fe8f417{flex-direction:column;box-sizing:border-box}#gspb_container-id-gsbp-093a6fd.gspb_container>p:last-of-type,#gspb_container-id-gsbp-23cec6f.gspb_container>p:last-of-type,#gspb_container-id-gsbp-421dd80.gspb_container>p:last-of-type,#gspb_container-id-gsbp-4a8ab17.gspb_container>p:last-of-type,#gspb_container-id-gsbp-68ce958.gspb_container>p:last-of-type,#gspb_container-id-gsbp-788fe9c.gspb_container>p:last-of-type,#gspb_container-id-gsbp-a45dd6a.gspb_container>p:last-of-type,#gspb_container-id-gsbp-bc4d0e9.gspb_container>p:last-of-type,#gspb_container-id-gsbp-c035bde.gspb_container>p:last-of-type,#gspb_container-id-gsbp-d36ca3e.gspb_container>p:last-of-type,#gspb_container-id-gsbp-d3b3fa7.gspb_container>p:last-of-type,#gspb_container-id-gsbp-eb5a284.gspb_container>p:last-of-type,#gspb_container-id-gsbp-f12936e.gspb_container>p:last-of-type,#gspb_container-id-gsbp-fbb71ad.gspb_container>p:last-of-type,#gspb_container-id-gsbp-fe8f417.gspb_container>p:last-of-type{margin-bottom:0}#gspb_container-id-gsbp-eb5a284.gspb_container{position:relative;background-size:cover;background-position:49% 60%}@media (max-width:575.98px){#gspb_container-id-gsbp-eb5a284.gspb_container{background-position:36% 80%}}#gspb_container-id-gsbp-eb5a284.gspb_container{background-image:url(https:\/\/igs.haoaws.com\/wp-content\/uploads\/2025\/03\/DSCF8700-scaled.jpg);isolation:isolate}#gspb_container-id-gsbp-eb5a284.gspb_container:hover{background-size:cover}#gspb_container-id-gsbp-eb5a284.gspb_container>.gspb_backgroundOverlay{position:absolute;top:0;left:0;width:100%;height:100%;z-index:-1;opacity:.8;background-color:#20282edb}body.gspb-bodyfront #gspb_container-id-gsbp-eb5a284.gspb_container{width:100%}#gspb_container-id-gsbp-4a8ab17.gspb_container{position:relative;margin-right:auto;margin-left:auto}body.gspb-bodyfront #gspb_container-id-gsbp-4a8ab17.gspb_container{max-width:1200px}#gspb_iconBox-id-gsbp-c19b63a svg{width:72px;margin:0!important;transform:rotateX(180deg) rotateY(180deg)}#gspb_iconBox-id-gsbp-c19b63a{justify-content:flex-start;display:flex}#gspb_iconBox-id-gsbp-c19b63a svg,#gspb_iconBox-id-gsbp-c19b63a svg path{fill:var(--wp--preset--color--base-3, var(--base-3))!important}#gspb_iconBox-id-gsbp-c19b63a .gspb_iconBox__wrapper{margin:2rem!important;margin-bottom:0}#gspb_container-id-gsbp-f12936e.gspb_container{position:relative;display:flex;justify-content:center;align-items:center}body.gspb-bodyfront #gspb_container-id-gsbp-f12936e.gspb_container{min-height:200px}#gspb_heading-id-gsbp-768528e{font-size:22px;text-align:center!important;color:var(--wp--preset--color--base-3, var(--base-3));margin-right:auto;margin-bottom:0;margin-left:auto;padding-top:0;padding-right:2rem;padding-bottom:0;padding-left:2rem}#gspb_heading-id-gsbp-768528e .gsap-g-line{text-align:center!important}@media (max-width:575.98px){#gspb_heading-id-gsbp-768528e{margin-top:0;padding-top:4rem;padding-bottom:4rem}}#gspb_heading-id-gsbp-768528e{max-width:800px}#gspb_container-id-gsbp-fe8f417.gspb_container{position:relative;margin-right:auto;margin-left:auto}body.gspb-bodyfront #gspb_container-id-gsbp-fe8f417.gspb_container{max-width:1200px}#gspb_iconBox-id-gsbp-17ce9a3 svg{width:72px;margin:0!important}#gspb_iconBox-id-gsbp-17ce9a3{justify-content:flex-end;display:flex}#gspb_iconBox-id-gsbp-17ce9a3 svg,#gspb_iconBox-id-gsbp-17ce9a3 svg path{fill:var(--wp--preset--color--base-3, var(--base-3))!important}#gspb_iconBox-id-gsbp-17ce9a3 .gspb_iconBox__wrapper{margin:2rem!important;margin-bottom:0}#gspb_container-id-gsbp-421dd80.gspb_container{position:relative;margin-right:auto;margin-bottom:0;margin-left:auto;padding-right:2rem;padding-left:2rem;background-color:var(--wp--preset--color--base-2, var(--base-2))}#gspb_container-id-gsbp-093a6fd.gspb_container{position:relative;display:flex;flex-direction:column;align-items:center;padding-top:8rem;padding-bottom:8rem}#gspb_heading-id-gsbp-e8ceb0e,#gspb_heading-id-gsbp-e8ceb0e .gsap-g-line{text-align:center!important}#gspb_heading-id-gsbp-e8ceb0e{color:var(--wp--preset--color--contrast-3, var(--contrast-3));margin-top:0;margin-right:auto;margin-left:auto}@media (max-width:575.98px){#gspb_heading-id-gsbp-e8ceb0e{margin-top:0;margin-right:0;margin-bottom:1rem;margin-left:0}}#gspb_heading-id-gsbp-e8ceb0e{max-width:1000px}#gspb_container-id-gsbp-fbb71ad.gspb_container{position:relative;display:flex;row-gap:2rem;column-gap:2rem}@media (max-width:991.98px){#gspb_container-id-gsbp-fbb71ad.gspb_container{flex-direction:row}}@media (max-width:767.98px){#gspb_container-id-gsbp-fbb71ad.gspb_container{flex-direction:column}}#gspb_container-id-gsbp-fbb71ad.gspb_container{padding-top:0;padding-bottom:8rem}body.gspb-bodyfront #gspb_container-id-gsbp-fbb71ad.gspb_container{min-height:420px}#gspb_container-id-gsbp-68ce958.gspb_container{position:relative;padding-top:2rem;padding-right:2rem;padding-bottom:2rem;padding-left:calc((100vw - 1296px)\/2)}body.gspb-bodyfront #gspb_container-id-gsbp-68ce958.gspb_container,body.gspb-bodyfront #gspb_container-id-gsbp-a45dd6a.gspb_container{flex-basis:50%}@media (max-width:991.98px){#gspb_container-id-gsbp-68ce958.gspb_container{padding-left:2rem}}@media (max-width:767.98px){#gspb_container-id-gsbp-68ce958.gspb_container{padding:0}}#gspb_heading-id-gsbp-a5b5444{font-family:BarlowLocal,sans-serif;margin-bottom:0}.gspb_text-id-gsbp-fa7ee08{letter-spacing:.25px;padding-top:2rem!important}.gspb_container-id-gsbp-23cec6f,.gspb_container-id-gsbp-788fe9c,.gspb_container-id-gsbp-a45dd6a,.gspb_container-id-gsbp-d3b3fa7{flex-direction:column;box-sizing:border-box}#gspb_container-id-gsbp-a45dd6a.gspb_container{position:relative;background-size:cover;background-position:52% 41%;background-image:url(https:\/\/igs.haoaws.com\/wp-content\/uploads\/2025\/04\/placehold-cute-1.png);width:100%}@media (max-width:767.98px){body.gspb-bodyfront #gspb_container-id-gsbp-a45dd6a.gspb_container{flex-basis:auto}}#gspb_container-id-gsbp-788fe9c.gspb_container:hover,#gspb_container-id-gsbp-a45dd6a.gspb_container:hover,#gspb_container-id-gsbp-bc4d0e9.gspb_container:hover{background-size:cover}@media (max-width:767.98px){#gspb_container-id-gsbp-a45dd6a.gspb_container{width:auto}}#gspb_container-id-gsbp-a45dd6a.gspb_container{height:500px}@media (max-width:767.98px){#gspb_container-id-gsbp-a45dd6a.gspb_container{height:300px}}#gspb_container-id-gsbp-23cec6f.gspb_container{position:relative;display:flex;row-gap:2rem;column-gap:2rem}@media (max-width:767.98px){#gspb_container-id-gsbp-23cec6f.gspb_container{flex-direction:column-reverse}}#gspb_container-id-gsbp-23cec6f.gspb_container{padding-top:0;padding-bottom:8rem}body.gspb-bodyfront #gspb_container-id-gsbp-23cec6f.gspb_container{min-height:420px}#gspb_container-id-gsbp-788fe9c.gspb_container{position:relative;background-size:cover;background-position:57% 41%;background-image:url(https:\/\/igs.haoaws.com\/wp-content\/uploads\/2024\/07\/placehold-primarygroup.png);width:100%}body.gspb-bodyfront #gspb_container-id-gsbp-788fe9c.gspb_container{flex-basis:50%}@media (max-width:767.98px){body.gspb-bodyfront #gspb_container-id-gsbp-788fe9c.gspb_container{flex-basis:auto}}@media (max-width:767.98px){#gspb_container-id-gsbp-788fe9c.gspb_container{width:auto}}#gspb_container-id-gsbp-788fe9c.gspb_container{height:500px}@media (max-width:767.98px){#gspb_container-id-gsbp-788fe9c.gspb_container{height:300px}}#gspb_container-id-gsbp-d3b3fa7.gspb_container{position:relative;padding-top:2rem;padding-right:calc((100vw - 1296px)\/2);padding-bottom:2rem;padding-left:2rem}body.gspb-bodyfront #gspb_container-id-gsbp-d3b3fa7.gspb_container{align-self:start;flex-basis:50%}@media (max-width:767.98px){#gspb_container-id-gsbp-d3b3fa7.gspb_container{padding:0}}.gspb_text-id-gsbp-e0eb5aa{letter-spacing:.25px;padding-top:2rem!important}.gspb_container-id-gsbp-c035bde,.gspb_container-id-gsbp-d36ca3e{flex-direction:column;box-sizing:border-box}#gspb_container-id-gsbp-c035bde.gspb_container{position:relative;display:flex;row-gap:2rem;column-gap:2rem}@media (max-width:767.98px){#gspb_container-id-gsbp-c035bde.gspb_container{flex-direction:column}}#gspb_container-id-gsbp-c035bde.gspb_container{padding-top:0;padding-bottom:8rem}body.gspb-bodyfront #gspb_container-id-gsbp-c035bde.gspb_container{min-height:420px}#gspb_container-id-gsbp-d36ca3e.gspb_container{position:relative;padding-top:2rem;padding-right:2rem;padding-bottom:2rem;padding-left:calc((100vw - 1296px)\/2)}body.gspb-bodyfront #gspb_container-id-gsbp-bc4d0e9.gspb_container,body.gspb-bodyfront #gspb_container-id-gsbp-d36ca3e.gspb_container{flex-basis:50%}@media (max-width:767.98px){#gspb_container-id-gsbp-d36ca3e.gspb_container{padding:0}}#gspb_heading-id-gsbp-5bd4709,#gspb_heading-id-gsbp-d24b68b{font-family:BarlowLocal,sans-serif;margin-bottom:0}.gspb_text-id-gsbp-bb2ae4d{letter-spacing:.25px;padding-top:2rem!important}.gspb_container-id-gsbp-bc4d0e9{flex-direction:column;box-sizing:border-box}#gspb_container-id-gsbp-bc4d0e9.gspb_container{position:relative;background-size:cover}@media (max-width:767.98px){body.gspb-bodyfront #gspb_container-id-gsbp-bc4d0e9.gspb_container{flex-basis:auto}}@media (max-width:991.98px){#gspb_container-id-gsbp-bc4d0e9.gspb_container{background-position:34% 50%}}#gspb_container-id-gsbp-bc4d0e9.gspb_container{background-image:url(https:\/\/igs.haoaws.com\/wp-content\/uploads\/2025\/04\/removed-background-58f61f2d98a0e5b8f6d592298ba4006c-\u62f7\u8d1d-scaled.jpg);width:100%}@media (max-width:767.98px){#gspb_container-id-gsbp-bc4d0e9.gspb_container{width:auto}}#gspb_container-id-gsbp-bc4d0e9.gspb_container{height:500px}@media (max-width:767.98px){#gspb_container-id-gsbp-bc4d0e9.gspb_container{height:300px}}","footnotes":""},"class_list":["post-4222","page","type-page","status-publish"],"acf":[],"_links":{"self":[{"href":"https:\/\/igs.haoaws.com\/de\/wp-json\/wp\/v2\/pages\/4222","targetHints":{"allow":["GET"]}}],"collection":[{"href":"https:\/\/igs.haoaws.com\/de\/wp-json\/wp\/v2\/pages"}],"about":[{"href":"https:\/\/igs.haoaws.com\/de\/wp-json\/wp\/v2\/types\/page"}],"author":[{"embeddable":true,"href":"https:\/\/igs.haoaws.com\/de\/wp-json\/wp\/v2\/users\/4"}],"replies":[{"embeddable":true,"href":"https:\/\/igs.haoaws.com\/de\/wp-json\/wp\/v2\/comments?post=4222"}],"version-history":[{"count":8,"href":"https:\/\/igs.haoaws.com\/de\/wp-json\/wp\/v2\/pages\/4222\/revisions"}],"predecessor-version":[{"id":4254,"href":"https:\/\/igs.haoaws.com\/de\/wp-json\/wp\/v2\/pages\/4222\/revisions\/4254"}],"wp:attachment":[{"href":"https:\/\/igs.haoaws.com\/de\/wp-json\/wp\/v2\/media?parent=4222"}],"curies":[{"name":"wp","href":"https:\/\/api.w.org\/{rel}","templated":true}]}}